{"id":1858,"date":"2024-07-04T13:30:32","date_gmt":"2024-07-04T10:30:32","guid":{"rendered":"https:\/\/maksimilian.lt\/?page_id=1858"},"modified":"2026-03-03T22:22:59","modified_gmt":"2026-03-03T20:22:59","slug":"arturas-makstutis-maksimilianas","status":"publish","type":"page","link":"https:\/\/maksimilian.lt\/en\/","title":{"rendered":"Author"},"content":{"rendered":"<p><img fetchpriority=\"high\" decoding=\"async\" class=\"alignnone wp-image-3474 size-full\" src=\"https:\/\/maksimilian.lt\/wp-content\/uploads\/2024\/12\/Portr-24-w-2.jpg\" alt=\"\" width=\"347\" height=\"412\" srcset=\"https:\/\/maksimilian.lt\/wp-content\/uploads\/2024\/12\/Portr-24-w-2.jpg 347w, https:\/\/maksimilian.lt\/wp-content\/uploads\/2024\/12\/Portr-24-w-2-253x300.jpg 253w\" sizes=\"(max-width: 347px) 100vw, 347px\" \/><\/p>\n<p>CV Art\u016bras Mak\u0161tutis-Maksimilianas<br \/>\nBorn in 1964 in the town of Obeliai, Lithuania<\/p>\n<p>Education:<br \/>\n1983- 1984 Vieno\u017einskis Art School, Vilnius<br \/>\n1986-1992 Vilnius Academy of Fine Arts, sculpture specialty<br \/>\nSolo exhibitions:<br \/>\n1991 Gallery 91, Vilnius<br \/>\n1992 Medals Gallery, Vilnius<br \/>\n1992 Installation &#8220;Dream&#8221; Academy Gallery, Vilnius<br \/>\n1997 &#8220;Arkos&#8221; Gallery, Vilnius<br \/>\n2004 Project &#8220;Alice doesn&#8217;t live here anymore&#8221;, photography, object. Lithuanian National Commission for UNESCO Exhibition Hall, Vilnius<br \/>\n2009 Exhibition &#8220;Equilibrium&#8221; St. John&#8217;s Street Gallery, Vilnius<br \/>\n2010 Sculpture &#8220;Duke Vildaugas&#8221; Public Institution U\u017eupio Art Incubator, Vilnius<br \/>\n2010 Project &#8220;U\u017eupio Iron&#8221; photography, objects, installation, Gallery &#8220;Galera&#8221;, Public Institution U\u017eupio Art Incubator, Vilnius<br \/>\n2012 Sculpture for the Museum of Angels, Anyk\u0161\u010diai, Lithuania<br \/>\n2015 &#8220;Our Cause&#8221; sculpture and photography exhibition at Dz\u016bkija National Park Visitors Centre, Merkin\u0117.Lt.<br \/>\n2016 &#8220;Contacting Vessels&#8221; InTegra House Training Centre, Subart\u0117nai<br \/>\n2017 &#8220;Steps in the Garden&#8221; sculpture exhibition Spa Vilnius , Druskininkai, LT<br \/>\n2019 &#8220;Travel Guide&#8221; sculpture, photography, objects Alytus Culture and Communication Centre<\/p>\n<p>2021 &#8220;Kosmonauts Street&#8221; sculpture exhibition Gallery Morka, Vilnius, Druskininkai City Museum Gallery, Druskininkai<\/p>\n<p>2022 &#8220;Pyramid of Illusions&#8221; Druskininkai City Museum Gallery, Druskininkai<\/p>\n<p>2024 &#8220;Heads, Half-Heads and Illusions&#8221; Druskininkai City Museum Gallery, Druskininkai<\/p>\n<p>Selected group exhibitions:<br \/>\n1989 &#8220;Nature in Us&#8221; Vilnius Academy of Arts<br \/>\n1989 &#8220;Nature in Us&#8221;. Art Days. Chamber of Culture and Sports, Ministry of the Interior<br \/>\n1989 &#8220;Vilnius Young Artists Days&#8221; Artists&#8217; House, Vilnius<br \/>\n1990 &#8220;Diversions&#8221; Vilnius Academy of Arts<br \/>\n1991 Performances with the group &#8220;\u017dalias Lapas&#8221;, Nida, Lithuania<br \/>\n1991 Exhibition with the group &#8220;We&#8221; \u0160iauliai Art Exhibition Palace , \u0160iauliai<br \/>\n1993 Vork\u0161op and exhibition at the Horn House of Artists, Austria<br \/>\n1994 Realisation of the project &#8220;Rhythm&#8221; at Atelier Nord, Oslo, Norway<br \/>\n1994 &#8220;Order of Being&#8221; Gallery &#8220;MUU ry&#8221;, Helsinki; Finland, Gallery &#8220;Jutempus&#8221;, Vilnius, Lithuania<br \/>\n1995 &#8220;Discrepancies&#8221; 6th Triennial of Young Artists of the Baltic States. Contemporary Art Centre,<br \/>\nVilnius, Lithuania<br \/>\n1996 &#8220;Recent Documents&#8221; Chicago, USA<br \/>\n1997 &#8220;Everything Human and Necessary&#8221;, Lithuanian Aida Gallery, Vilnius<br \/>\n1997 &#8220;Lodge Bunker&#8221; performances Ja\u0161i\u016bnai, Lithuania<br \/>\n1998 &#8220;The Lodge&#8221; concert &#8220;Opus Nr.l&#8221; Villem Zuyvenstraat 4-6, Rotterdam, Netherlands<br \/>\n1997 Exhibition Stichting Kunst &amp; Komplex, Rotterdam, Netherlands<br \/>\n1998 Exhibition &#8220;Art is a spirit and never dies&#8221; M&amp;A Contemporary Art Gallery, Den Haag, The Netherlands<br \/>\n2001 Exhibition of the artists of &#8220;U\u017eupis Respulika&#8221; at the Ministry of Foreign Affairs, Vilnius<br \/>\n2002 &#8220;U\u017eupio Respulika&#8221; Artists Exhibition at Place Julie Joffrin, Paris<br \/>\n2002 The Lodge performance at the &#8220;Ver uit de maat&#8221; festival, WORM, Rotterdam, The Netherlands<\/p>\n<p>2002 &#8220;Brain Opening&#8221; performance at &#8220;Za-upy- Art&#8221; festival Vilnius, Lithuania<br \/>\n2002 Exhibition &#8220;My Family MAFIA&#8221;, &#8220;Zolotaja molodio\u017e&#8221; Academy Gallery, Vilnius<br \/>\n2005 Exhibition of Ukrainian, Polish and Lithuanian artists in Lviv, Ukraine<br \/>\n2006 Exhibition of artists of &#8220;U\u017eupis Art Incubator&#8221; in Tampere, Finland<br \/>\n2007-2008 Sculpture Symposium &#8220;Oak Alley&#8221; in Smalininki, Lithuania<br \/>\n2009 Exhibition of artists of the Republic of U\u017eupis in Panev\u0117\u017eys Drama Theatre, Panev\u0117\u017eys, Lithuania<br \/>\n2010 Exhibition &#8220;The Best Sculpture of the Year -09&#8243; &#8221; St. John&#8217;s Street Gallery, Vilnius<br \/>\n2011 Sculpture workshop in Li\u0161kiava &#8220;Medgrau\u017eis&#8221;, Lithuania<br \/>\n2013 Symposium &#8220;Signs of the memory of the Holy Land&#8221; , \u0160ventoji, Lithuania.<br \/>\n2014 Project &#8220;Creative Connections in Li\u0161kiava&#8221; Li\u0161kiava, Lt.<\/p>\n<p>2015 &#8220;Little Plasticity IV&#8221; Klaip\u0117da, LT.<\/p>\n<p>2015 1st International Alytus Biennial of Visual Art &#8221; Meno Matas. Time&#8221; Alytus , LT.<\/p>\n<p>2015 &#8220;LDS 80th Anniversary Meeting&#8221; St. St. John&#8217;s Street Gallery, Vilnius, LT.<\/p>\n<p>2016 Exhibition of the artists of the club &#8220;Friday 13&#8221; &#8220;Small Gallery&#8221;, Druskininkai, LT.<\/p>\n<p>2016 Lithuanian-Polish Artists&#8217; Exhibition in Gdansk, Gallery &#8220;NCK&#8221;, organized by &#8220;Mazoji Galerija , Druskininkai , Gdansk PL.<\/p>\n<p>2016 Alytus International Ceramics Symposium &#8220;Black Gold of Dz\u016bkija 2016&#8221;, Alytus, ADAM , LT<\/p>\n<p>2016 Exhibition &#8220;Shadows&#8221;, St. St. John&#8217;s Street Gallery, Vilnius, LT<\/p>\n<p>2017 Project &#8220;Sculptors for the Centenary of the State&#8221; exhibition series Vilnius<\/p>\n<p>2017 2nd International Alytus Biennial of Visual Art &#8220;Meno Matas. Space&#8221; Alytus , LT.<\/p>\n<p>2017 Exhibition &#8220;Shadows #2&#8221; St. St. John&#8217;s Street Gallery, Vilnius, LT<\/p>\n<p>2017 &#8220;Small Plastic V&#8221; sculpture exhibition, Klaip\u0117da, LT.<\/p>\n<p>2017 Exhibition &#8220;Shadows #3&#8221; Antanas Mon\u010dis House-Museum, Palanga, LT<\/p>\n<p>2018 &#8220;The Plein Air Workshop of Zauliskes&#8221; in Zauli\u0161kiai, Kai\u0161iadorys district, Lithuania. LT.<\/p>\n<p>2018 Curator of the travelling exhibition &#8220;\u010ciurlionis the First Lithuanian Cosmonaut&#8221; Vilnius, Merkin\u0117, Druskininkai 2018-2019<\/p>\n<p>2019 Q 4 &#8221; Memorabile. Recorded in Memory&#8221; Ark Gallery , Vilnius, Lt.<\/p>\n<p>2019 &#8220;Shadows #4&#8221; \u0160v. St. John&#8217;s Street Gallery, Vilnius, LT<\/p>\n<p>2020 &#8220;\u010ciurlionis the First Lithuanian Cosmonaut&#8221; M.K.\u010ciurlionis House, Vilnius, Lt.<\/p>\n<p>2020 &#8220;Art without a Roof&#8221; virtual exhibition of works by 100 artists in Vilnius .menasbestogo.lt<\/p>\n<p>2021 &#8220;Altered Reality&#8221; Exhibition of the Club &#8220;Friday 13&#8221;, Jon\u0173 Street Gallery, basement, Vilnius<\/p>\n<p>2021 &#8220;Art without a Roof&#8221; virtual exhibition of works by 100 artists in Vilnius .menasbestogo.lt<\/p>\n<p>2022 &#8220;Pyramid of Illusions&#8221; Druskininkai City Museum Gallery<\/p>\n<p>2022 Exhibition &#8220;1&#8221; Druskininkai City Museum Gallery<\/p>\n<p>2023 Deft Thrift: Aidas Bareikis, Art\u016bras Mak\u0161tutis-Maksimilianas, Darius Mik\u0161ys + GB. Gallery Morka. Vilnius.<\/p>\n<p>2023 5th Stained Glass and Sculpture Centre Art Festival<\/p>\n<p>2024 &#8220;Dz\u016bkija Art 2023&#8221; Alytus Culture Centre, Alytus<\/p>\n<p>2024 &#8220;Heads, Masks, Masquerades&#8221; Energy and Technical Museum, Vilnius<\/p>\n<p>2024 6th Art Festival at the Sculpture and Stained Glass Center<\/p>\n<p>2024 Exhibition &#8220;1&#8221; at the Druskininkai City Museum Gallery<\/p>\n<p>2025 &#8220;Rethinking MK\u010c&#8221; VA and VDA competition exhibition, Vilnius, Naugarduko 5<\/p>\n<p>2025 7th Art Festival at the Sculpture and Stained Glass Center<\/p>\n<p>2025 Sculpture exhibition &#8220;Conversation with sculptor V. Grybas&#8221; at the V. Grybas Memorial Museum in Jurbarkas<\/p>\n","protected":false},"excerpt":{"rendered":"<p>CV Art\u016bras Mak\u0161tutis-Maksimilianas Born in 1964 in the town of Obeliai, Lithuania Education: 1983- 1984 Vieno\u017einskis Art School, Vilnius 1986-1992 Vilnius Academy of Fine Arts, sculpture specialty Solo exhibitions: 1991 Gallery 91, Vilnius 1992 Medals Gallery, Vilnius 1992 Installation &#8220;Dream&#8221; Academy Gallery, Vilnius 1997 &#8220;Arkos&#8221; Gallery, Vilnius 2004 Project &#8220;Alice doesn&#8217;t live here anymore&#8221;, photography, [&hellip;]<\/p>\n","protected":false},"author":1,"featured_media":0,"parent":0,"menu_order":0,"comment_status":"closed","ping_status":"closed","template":"","meta":{"footnotes":""},"class_list":["post-1858","page","type-page","status-publish","hentry"],"_links":{"self":[{"href":"https:\/\/maksimilian.lt\/en\/wp-json\/wp\/v2\/pages\/1858","targetHints":{"allow":["GET"]}}],"collection":[{"href":"https:\/\/maksimilian.lt\/en\/wp-json\/wp\/v2\/pages"}],"about":[{"href":"https:\/\/maksimilian.lt\/en\/wp-json\/wp\/v2\/types\/page"}],"author":[{"embeddable":true,"href":"https:\/\/maksimilian.lt\/en\/wp-json\/wp\/v2\/users\/1"}],"replies":[{"embeddable":true,"href":"https:\/\/maksimilian.lt\/en\/wp-json\/wp\/v2\/comments?post=1858"}],"version-history":[{"count":6,"href":"https:\/\/maksimilian.lt\/en\/wp-json\/wp\/v2\/pages\/1858\/revisions"}],"predecessor-version":[{"id":3824,"href":"https:\/\/maksimilian.lt\/en\/wp-json\/wp\/v2\/pages\/1858\/revisions\/3824"}],"wp:attachment":[{"href":"https:\/\/maksimilian.lt\/en\/wp-json\/wp\/v2\/media?parent=1858"}],"curies":[{"name":"wp","href":"https:\/\/api.w.org\/{rel}","templated":true}]}}